{"id":48,"date":"2023-07-03T22:57:45","date_gmt":"2023-07-03T20:57:45","guid":{"rendered":"https:\/\/margorpit.com\/?page_id=48"},"modified":"2023-09-23T22:08:44","modified_gmt":"2023-09-23T20:08:44","slug":"laggumed","status":"publish","type":"page","link":"https:\/\/margorpit.com\/sr\/laggumed\/","title":{"rendered":"LagguMed"},"content":{"rendered":"<h1>LagguMed Medicinska Aplikacija<\/h1>\n\n\n\n\n\n{&#8220;visual&#8221;:false,&#8221;title&#8221;:&#8221;&#8221;,&#8221;text&#8221;:&#8221;<h3>Dobrodo\u0161li u na\u0161u revolucionarnu medicinsku softversku platformu!<\/h3>\\r\\n\\r\\n<p>Na\u0161a strast je unapre\u0111enje zdravstvene industrije kroz inovaciju i tehnologiju. Predstavljamo vam na\u0161 napredni program namenjen klinikama, poliklinikama i medicinskim ordinacijama - va\u0161em klju\u010du ka efikasnijem i boljem upravljanju praksom.<\/p>\\r\\n\\r\\n<p>\u0160ta \u010dini na\u0161 program posebnim:<\/p>\\r\\n\\r\\n<ol>\\r\\n\\t<li>\\r\\n\\t<p><strong>Potpuna digitalizacija<\/strong>: Zaboravite na gomile papira i ru\u010dno vo\u0111enje evidencije. Na\u0161a platforma omogu\u0107ava potpunu digitalizaciju va\u0161e prakse, uklju\u010duju\u0107i elektronsko zakazivanje, vo\u0111enje pacijentskih kartona i jo\u0161 mnogo toga.<\/p>\\r\\n\\t<\/li>\\r\\n\\t<li>\\r\\n\\t<p><strong>Efikasno zakazivanje<\/strong>: Olak\u0161ajte pacijentima da zakazuju termine putem interneta, a vi \u0107ete imati potpunu kontrolu nad rasporedom.<\/p>\\r\\n\\t<\/li>\\r\\n\\t<li>\\r\\n\\t<p><strong>Brza i precizna fakturacija<\/strong>: Na\u0161 program omogu\u0107ava jednostavno i precizno izdavanje faktura, \u010dime \u0107ete ubrzati naplatu i smanjiti rizik od gre\u0161aka.<\/p>\\r\\n\\t<\/li>\\r\\n\\t<li>\\r\\n\\t<p><strong>Sistem za pra\u0107enje stanja zaliha<\/strong>: Nikada vi\u0161e ne\u0107ete ostati bez medicinskog materijala ili lekova. Na\u0161a platforma vodi ra\u010duna o zalihama i obave\u0161tava vas kada je vreme za nabavku.<\/p>\\r\\n\\t<\/li>\\r\\n\\t<li>\\r\\n\\t<p><strong>Pouzdana sigurnost podataka<\/strong>: Pacijentski podaci su svetinja, i zato se kod nas brinemo o njihovoj sigurnosti. Na\u0161a platforma koristi najsavremenije metode za\u0161tite podataka.<\/p>\\r\\n\\t<\/li>\\r\\n\\t<li>\\r\\n\\t<p><strong>Korisni\u010dka podr\u0161ka<\/strong>: Na\u0161 tim stru\u010dnjaka je uvek tu da vam pomogne i odgovori na sva pitanja. Va\u0161 uspeh je i na\u0161 uspeh.<\/p>\\r\\n\\t<\/li>\\r\\n<\/ol>\\r\\n<br>\\r\\n<br>\\r\\n<p>Pridru\u017eite se zdravstvenim ustanovama koje ve\u0107 koriste na\u0161 program i unapredite svoju praksu. Kontaktirajte nas danas da saznate vi\u0161e o tome kako mo\u017eemo zajedno transformisati va\u0161u kliniku, polikliniku ili ordinaciju.<\/p>\\r\\n<br>\\r\\n<p>Zajedno gradimo budu\u0107nost zdravstva.<\/p>\\r\\n&#8221;,&#8221;legacy&#8221;:false}\n\n\n\n\n\n<h2>Moduli i Karakteristike Aplikacije<\/h2>\n\n\n\nOur application is available on all devices.\nBackup on daily bases.\nFlexible and Simple.\nDifferent access levels.\nFiltering Patients and Examinations.\nDetails for Clinic and Employees.\n\n\nOur application is available to all users.\nExamination, services, attachments history.\nConnected with Google calendar.\nSupplies.\nTracking flows of money.\nPatient remainders.\n\n\n\n\n\n\n\n\n\n\n\n\n\n\n\n\n\n\n\n\n\n\n<h2>Na\u0161e Specijalizovane Usluge<\/h2>\n\n\n\n<p style=\"font-size: 14px; text-align: justify;\">Mi mo\u017eemo da vam predlo\u017eimo najbolje re\u0161enje za va\u0161u instituciju. Po\u010dev\u0161i od organizacije ra\u010dunarske mre\u017ee, izboru serverskog ra\u010dunara i ure\u0111aja koje \u0107e korisnici upotrebljavati pa sve do specijalnih zahteva koji su potrebni va\u0161oj organizaciji.&nbsp;<\/p>\n\n\n<p style=\"font-size: 14px; text-align: justify;\"><span style=\"text-align: justify;\">Na\u0161a aplikacija se mo\u017ee kompletno prilagoditi potrebama korisnika i u mogu\u0107nosti smo da dodamo bilo koju vrstu nove funkcionalnosti koja bi se najbolje uklopila u va\u0161u dnevnu rutinu.<\/span><br><\/p>\n\n\n<p style=\"font-size: 14px; text-align: justify;\">If you already have an application, do not worry, we already have experience in this situation. We are capable of transferring all your existing data from other applications or other documents organized in old fashion way&#8230; Just contact us..<\/p>\n\n\n\n\n\n\n<h2>Mi gradimo va\u0161e ideje<\/h2>\n\n<p style=\"text-align: center;\"><font color=\"#ffffff\">If you have special requirements that your organization may need, our application is completely customizable and we can integrate any kind of additional functionality that suits your daily procedures. We can redesign any part of the application that targets different kinds of users like nurses, doctors, administrative users, etc&#8230; It is on you to imagine how the solution should look, and we will ensure that you receive the best solution. More than 10 years of experience in this field and the customization process are more than enough as proof of our commitments. Give us a call and spread your ideas.<\/font><br><\/p>\n\n\n\n\n\n<h2>Doctor Reports\/Templates Examples<\/h2>\n\n\n\n\n\n\n\n\n\n\n\n\n\n\n\n\n\n\n\n\n\n\n\n<h2>Svedo\u010denja na\u0161ih korisnika<\/h2>\n\n\n\n\n\n<p style=\"text-align: justify;\">We&#8217;ve been using this application in our clinic for 10 years now, and we couldn&#8217;t be happier. This platform has revolutionized our daily routine. Digitalization of medical records allows us quick access to patient data, and the application&#8217;s features for efficient administration and financial tracking are much simpler, which is a tremendous advantage.&nbsp;<br><\/p>\n\n\n<p style=\"text-align: justify;\">Na\u0161a klinika je ostvarila zna\u010dajne koristi kori\u0161\u0107enjem ove aplikacije. Sada mo\u017eemo efikasno upravljati svim aspektima prakse, uklju\u010duju\u0107i pra\u0107enje zaliha i preciznu fakturaciju. Ova aplikacija nam je u\u0161tedela vreme i smanjila operativne tro\u0161kove. Apsolutno je neprocenjiva za na\u0161u kliniku.<br><\/p>\n\n\n<p style=\"text-align: justify;\">Kao specijalista dermatovenerologije, svaki minut je dragocen. Ova aplikacija je transformisala na\u010din na koji radim. Podaci o pacijentima su uvek dostupni i sigurni, a finansijski aspekti prakse su mnogo transparentniji. Toplo preporu\u010dujem ovu aplikaciju svakom lekaru koji \u017eeli da unapredi svoju praksu.<br><\/p>","protected":false},"excerpt":{"rendered":"","protected":false},"author":1,"featured_media":0,"parent":0,"menu_order":0,"comment_status":"closed","ping_status":"closed","template":"","meta":{"footnotes":""},"class_list":["post-48","page","type-page","status-publish","hentry"],"yoast_head":"<!-- This site is optimized with the Yoast SEO plugin v22.5 - https:\/\/yoast.com\/wordpress\/plugins\/seo\/ -->\n<title>LagguMed - Margorp IT<\/title>\n<meta name=\"robots\" content=\"index, follow, max-snippet:-1, max-image-preview:large, max-video-preview:-1\" \/>\n<link rel=\"canonical\" href=\"https:\/\/margorpit.com\/sr\/laggumed\/\" \/>\n<meta property=\"og:locale\" content=\"sr_RS\" \/>\n<meta property=\"og:type\" content=\"article\" \/>\n<meta property=\"og:title\" content=\"LagguMed - Margorp IT\" \/>\n<meta property=\"og:url\" content=\"https:\/\/margorpit.com\/sr\/laggumed\/\" \/>\n<meta property=\"og:site_name\" content=\"Margorp IT\" \/>\n<meta property=\"article:publisher\" content=\"https:\/\/www.facebook.com\/profile.php?id=61558380159938\" \/>\n<meta property=\"article:modified_time\" content=\"2023-09-23T20:08:44+00:00\" \/>\n<meta name=\"twitter:card\" content=\"summary_large_image\" \/>\n<meta name=\"twitter:site\" content=\"@zewsns\" \/>\n<meta name=\"twitter:label1\" content=\"\u041f\u0440\u043e\u0446\u0435\u045a\u0435\u043d\u043e \u0432\u0440\u0435\u043c\u0435 \u0447\u0438\u0442\u0430\u045a\u0430\" \/>\n\t<meta name=\"twitter:data1\" content=\"3 \u043c\u0438\u043d\u0443\u0442\u0430\" \/>\n<script type=\"application\/ld+json\" class=\"yoast-schema-graph\">{\"@context\":\"https:\/\/schema.org\",\"@graph\":[{\"@type\":\"WebPage\",\"@id\":\"https:\/\/margorpit.com\/sr\/laggumed\/\",\"url\":\"https:\/\/margorpit.com\/sr\/laggumed\/\",\"name\":\"LagguMed - Margorp IT\",\"isPartOf\":{\"@id\":\"http:\/\/margorpit.com\/en\/#website\"},\"datePublished\":\"2023-07-03T20:57:45+00:00\",\"dateModified\":\"2023-09-23T20:08:44+00:00\",\"breadcrumb\":{\"@id\":\"https:\/\/margorpit.com\/sr\/laggumed\/#breadcrumb\"},\"inLanguage\":\"sr-RS\",\"potentialAction\":[{\"@type\":\"ReadAction\",\"target\":[\"https:\/\/margorpit.com\/sr\/laggumed\/\"]}]},{\"@type\":\"BreadcrumbList\",\"@id\":\"https:\/\/margorpit.com\/sr\/laggumed\/#breadcrumb\",\"itemListElement\":[{\"@type\":\"ListItem\",\"position\":1,\"name\":\"Home\",\"item\":\"http:\/\/margorpit.com\/en\/\"},{\"@type\":\"ListItem\",\"position\":2,\"name\":\"LagguMed\"}]},{\"@type\":\"WebSite\",\"@id\":\"http:\/\/margorpit.com\/en\/#website\",\"url\":\"http:\/\/margorpit.com\/en\/\",\"name\":\"Margorp IT\",\"description\":\"We provide prograM solutions in the IT industry\",\"publisher\":{\"@id\":\"http:\/\/margorpit.com\/en\/#organization\"},\"potentialAction\":[{\"@type\":\"SearchAction\",\"target\":{\"@type\":\"EntryPoint\",\"urlTemplate\":\"http:\/\/margorpit.com\/en\/?s={search_term_string}\"},\"query-input\":\"required name=search_term_string\"}],\"inLanguage\":\"sr-RS\"},{\"@type\":\"Organization\",\"@id\":\"http:\/\/margorpit.com\/en\/#organization\",\"name\":\"Margorp IT\",\"url\":\"http:\/\/margorpit.com\/en\/\",\"logo\":{\"@type\":\"ImageObject\",\"inLanguage\":\"sr-RS\",\"@id\":\"http:\/\/margorpit.com\/en\/#\/schema\/logo\/image\/\",\"url\":\"https:\/\/margorpit.com\/wp-content\/uploads\/2024\/04\/laggumed-logo-lgm-1080.png\",\"contentUrl\":\"https:\/\/margorpit.com\/wp-content\/uploads\/2024\/04\/laggumed-logo-lgm-1080.png\",\"width\":1080,\"height\":1080,\"caption\":\"Margorp IT\"},\"image\":{\"@id\":\"http:\/\/margorpit.com\/en\/#\/schema\/logo\/image\/\"},\"sameAs\":[\"https:\/\/www.facebook.com\/profile.php?id=61558380159938\",\"https:\/\/x.com\/zewsns\",\"https:\/\/www.instagram.com\/laggumedsystem\/\",\"https:\/\/www.linkedin.com\/company\/laggumedsolution\"]}]}<\/script>\n<!-- \/ Yoast SEO plugin. -->","yoast_head_json":{"title":"LagguMed - Margorp IT","robots":{"index":"index","follow":"follow","max-snippet":"max-snippet:-1","max-image-preview":"max-image-preview:large","max-video-preview":"max-video-preview:-1"},"canonical":"https:\/\/margorpit.com\/sr\/laggumed\/","og_locale":"sr_RS","og_type":"article","og_title":"LagguMed - Margorp IT","og_url":"https:\/\/margorpit.com\/sr\/laggumed\/","og_site_name":"Margorp IT","article_publisher":"https:\/\/www.facebook.com\/profile.php?id=61558380159938","article_modified_time":"2023-09-23T20:08:44+00:00","twitter_card":"summary_large_image","twitter_site":"@zewsns","twitter_misc":{"\u041f\u0440\u043e\u0446\u0435\u045a\u0435\u043d\u043e \u0432\u0440\u0435\u043c\u0435 \u0447\u0438\u0442\u0430\u045a\u0430":"3 \u043c\u0438\u043d\u0443\u0442\u0430"},"schema":{"@context":"https:\/\/schema.org","@graph":[{"@type":"WebPage","@id":"https:\/\/margorpit.com\/sr\/laggumed\/","url":"https:\/\/margorpit.com\/sr\/laggumed\/","name":"LagguMed - Margorp IT","isPartOf":{"@id":"http:\/\/margorpit.com\/en\/#website"},"datePublished":"2023-07-03T20:57:45+00:00","dateModified":"2023-09-23T20:08:44+00:00","breadcrumb":{"@id":"https:\/\/margorpit.com\/sr\/laggumed\/#breadcrumb"},"inLanguage":"sr-RS","potentialAction":[{"@type":"ReadAction","target":["https:\/\/margorpit.com\/sr\/laggumed\/"]}]},{"@type":"BreadcrumbList","@id":"https:\/\/margorpit.com\/sr\/laggumed\/#breadcrumb","itemListElement":[{"@type":"ListItem","position":1,"name":"Home","item":"http:\/\/margorpit.com\/en\/"},{"@type":"ListItem","position":2,"name":"LagguMed"}]},{"@type":"WebSite","@id":"http:\/\/margorpit.com\/en\/#website","url":"http:\/\/margorpit.com\/en\/","name":"Margorp IT","description":"We provide prograM solutions in the IT industry","publisher":{"@id":"http:\/\/margorpit.com\/en\/#organization"},"potentialAction":[{"@type":"SearchAction","target":{"@type":"EntryPoint","urlTemplate":"http:\/\/margorpit.com\/en\/?s={search_term_string}"},"query-input":"required name=search_term_string"}],"inLanguage":"sr-RS"},{"@type":"Organization","@id":"http:\/\/margorpit.com\/en\/#organization","name":"Margorp IT","url":"http:\/\/margorpit.com\/en\/","logo":{"@type":"ImageObject","inLanguage":"sr-RS","@id":"http:\/\/margorpit.com\/en\/#\/schema\/logo\/image\/","url":"https:\/\/margorpit.com\/wp-content\/uploads\/2024\/04\/laggumed-logo-lgm-1080.png","contentUrl":"https:\/\/margorpit.com\/wp-content\/uploads\/2024\/04\/laggumed-logo-lgm-1080.png","width":1080,"height":1080,"caption":"Margorp IT"},"image":{"@id":"http:\/\/margorpit.com\/en\/#\/schema\/logo\/image\/"},"sameAs":["https:\/\/www.facebook.com\/profile.php?id=61558380159938","https:\/\/x.com\/zewsns","https:\/\/www.instagram.com\/laggumedsystem\/","https:\/\/www.linkedin.com\/company\/laggumedsolution"]}]}},"_links":{"self":[{"href":"https:\/\/margorpit.com\/sr\/wp-json\/wp\/v2\/pages\/48","targetHints":{"allow":["GET"]}}],"collection":[{"href":"https:\/\/margorpit.com\/sr\/wp-json\/wp\/v2\/pages"}],"about":[{"href":"https:\/\/margorpit.com\/sr\/wp-json\/wp\/v2\/types\/page"}],"author":[{"embeddable":true,"href":"https:\/\/margorpit.com\/sr\/wp-json\/wp\/v2\/users\/1"}],"replies":[{"embeddable":true,"href":"https:\/\/margorpit.com\/sr\/wp-json\/wp\/v2\/comments?post=48"}],"version-history":[{"count":34,"href":"https:\/\/margorpit.com\/sr\/wp-json\/wp\/v2\/pages\/48\/revisions"}],"predecessor-version":[{"id":164,"href":"https:\/\/margorpit.com\/sr\/wp-json\/wp\/v2\/pages\/48\/revisions\/164"}],"wp:attachment":[{"href":"https:\/\/margorpit.com\/sr\/wp-json\/wp\/v2\/media?parent=48"}],"curies":[{"name":"wp","href":"https:\/\/api.w.org\/{rel}","templated":true}]}}