{"id":46,"date":"2023-07-03T22:57:30","date_gmt":"2023-07-03T20:57:30","guid":{"rendered":"https:\/\/margorpit.com\/?page_id=46"},"modified":"2023-09-23T02:42:49","modified_gmt":"2023-09-23T00:42:49","slug":"milestone","status":"publish","type":"page","link":"https:\/\/margorpit.com\/sr\/milestone\/","title":{"rendered":"Milestone"},"content":{"rendered":"<h1>Milestone Integracije<\/h1>\n\n\n\n\n\n{&#8220;visual&#8221;:false,&#8221;title&#8221;:&#8221;&#8221;,&#8221;text&#8221;:&#8221;<h3>Dobrodo\u0161li u <strong>Margorp IT<\/strong> &#8211; Your partner in developing advanced add-ons for the Milestone Video Management System!<\/h3>\\r\\n<br>\\r\\n<p>Na\u0161a strast je stvaranje inovativnih softverskih re\u0161enja koja unapre\u0111uju funkcionalnost i sigurnost va\u0161eg Milestone VMS sistema. Sa decenijama iskustva u oblasti video nadzora i dubokim razumevanjem potreba korisnika, <strong>Margorp IT<\/strong> postavlja standarde u razvoju dodataka i integracija za Milestone platformu.<\/p>\\r\\n\\r\\n<p>\u0160ta nas izdvaja:<\/p>\\r\\n\\r\\n<ul>\\r\\n\\t<li>\\r\\n\\t<p><strong>Ekspertiza:<\/strong> Na\u0161 tim iskusnih programera ima duboko razumevanje Milestone VMS-a i prate\u0107ih tehnologija. Razvijamo dodatke koji su pouzdani, efikasni i prilago\u0111eni va\u0161im jedinstvenim potrebama.<\/p>\\r\\n\\t<\/li>\\r\\n\\t<li>\\r\\n\\t<p><strong>Saradnja:<\/strong> Verujemo u partnerstvo sa na\u0161im klijentima. Slu\u0161amo va\u0161e zahteve i zajedno radimo na razvoju re\u0161enja koja \u0107e unaprediti va\u0161u video nadzornu infrastrukturu.<\/p>\\r\\n\\t<\/li>\\r\\n\\t<li>\\r\\n\\t<p><strong>Inovacija:<\/strong> Tehnolo\u0161ki napredak neumorno napreduje, a mi smo u korak sa tim. Na\u0161i dodaci omogu\u0107avaju integraciju najnovijih tehnolo\u0161kih dostignu\u0107a, uklju\u010duju\u0107i ve\u0161ta\u010dku inteligenciju, analitiku i mobilnu podr\u0161ku.<\/p>\\r\\n\\t<\/li>\\r\\n\\t<li>\\r\\n\\t<p><strong>Sigurnost:<\/strong> Razumemo koliko je sigurnost va\u017ena. Na\u0161i dodaci su dizajnirani da pomognu u za\u0161titi va\u0161ih resursa i informacija, pru\u017eaju\u0107i vam mir uma.<\/p>\\r\\n\\t<\/li>\\r\\n<\/ul>\\r\\n\\r\\n<p><strong>Margorp IT<\/strong> je va\u0161 pouzdan partner za razvoj dodataka za Milestone Video Menad\u017ement Sistem. Kontaktirajte nas danas kako bismo zajedno radili na stvaranju video nadzornog sistema koji \u0107e zadovoljiti sve va\u0161e potrebe.<\/p>\\r\\n&#8221;,&#8221;legacy&#8221;:false}\n\n\n\n\n<h2 style=\"color: rgb(255, 255, 255);\">Mi gradimo va\u0161e ideje<\/h2>\n\n{&#8220;visual&#8221;:false,&#8221;title&#8221;:&#8221;&#8221;,&#8221;text&#8221;:&#8221;<p style=\"\\\"text-align:justify\\\"\"><span style=\"\\\"color:#ffffff\\\"\">Dobrodo\u0161li u <strong>Margorp IT<\/strong> &#8211; Your partner in developing advanced add-ons for the Milestone Video Management System!<\/span><\/p>\\r\\n\\r\\n<p style=\"\\\"text-align:justify\\\"\"><span style=\"\\\"color:#ffffff\\\"\">Na\u0161a strast je stvaranje inovativnih softverskih re\u0161enja koja unapre\u0111uju funkcionalnost i sigurnost va\u0161eg Milestone VMS sistema. Sa decenijama iskustva u oblasti video nadzora i dubokim razumevanjem potreba korisnika, <strong>Margorp IT<\/strong> postavlja standarde u razvoju dodataka i integracija za Milestone platformu.<\/span><\/p>\\r\\n\\r\\n<p style=\"\\\"text-align:justify\\\"\"><span style=\"\\\"color:#ffffff\\\"\">\u0160ta nas izdvaja:<\/span><\/p>\\r\\n\\r\\n<ul>\\r\\n\\t<li style=\"\\\"text-align:justify\\\"\">\\r\\n\\t<p><span style=\"\\\"color:#ffffff\\\"\"><strong>Ekspertiza:<\/strong> Na\u0161 tim iskusnih programera ima duboko razumevanje Milestone VMS-a i prate\u0107ih tehnologija. Razvijamo dodatke koji su pouzdani, efikasni i prilago\u0111eni va\u0161im jedinstvenim potrebama.<\/span><\/p>\\r\\n\\t<\/li>\\r\\n\\t<li style=\"\\\"text-align:justify\\\"\">\\r\\n\\t<p><span style=\"\\\"color:#ffffff\\\"\"><strong>Saradnja:<\/strong> Verujemo u partnerstvo sa na\u0161im klijentima. Slu\u0161amo va\u0161e zahteve i zajedno radimo na razvoju re\u0161enja koja \u0107e unaprediti va\u0161u video nadzornu infrastrukturu.<\/span><\/p>\\r\\n\\t<\/li>\\r\\n\\t<li style=\"\\\"text-align:justify\\\"\">\\r\\n\\t<p><span style=\"\\\"color:#ffffff\\\"\"><strong>Inovacija:<\/strong> Tehnolo\u0161ki napredak neumorno napreduje, a mi smo u korak sa tim. Na\u0161i dodaci omogu\u0107avaju integraciju najnovijih tehnolo\u0161kih dostignu\u0107a, uklju\u010duju\u0107i ve\u0161ta\u010dku inteligenciju, analitiku i mobilnu podr\u0161ku.<\/span><\/p>\\r\\n\\t<\/li>\\r\\n\\t<li style=\"\\\"text-align:justify\\\"\">\\r\\n\\t<p><span style=\"\\\"color:#ffffff\\\"\"><strong>Sigurnost:<\/strong> Razumemo koliko je sigurnost va\u017ena. Na\u0161i dodaci su dizajnirani da pomognu u za\u0161titi va\u0161ih resursa i informacija, pru\u017eaju\u0107i vam mir uma.<\/span><\/p>\\r\\n\\t<\/li>\\r\\n<\/ul>\\r\\n\\r\\n<p style=\"\\\"text-align:justify\\\"\"><span style=\"\\\"color:#ffffff\\\"\"><strong>Margorp IT<\/strong> je va\u0161 pouzdan partner za razvoj dodataka za Milestone Video Menad\u017ement Sistem. Kontaktirajte nas danas kako bismo zajedno radili na stvaranju video nadzornog sistema koji \u0107e zadovoljiti sve va\u0161e potrebe.<\/span><\/p>\\r\\n\\r\\n<p style=\"\\\"text-align:justify\\\"\">&nbsp;<\/p>\\r\\n&#8221;,&#8221;legacy&#8221;:false}\n\n\n\n\n\n\n\n\n\n\n\n\n\n\n\n\n\n\n\n<h2>Svedo\u010denja na\u0161ih korisnika<\/h2>\n\n\n\n\n\n<p>Saradnja na razvoju Milestone dodataka za na\u0161u sigurnosnu infrastrukturu bila je izuzetno iskustvo. Njihova stru\u010dnost i posve\u0107enost projektu bili su vidljivi od samog po\u010detka. Dodaci koje su stvorili nisu samo doprineli dodatnoj funkcionalnosti na\u0161em Milestone VMS sistemu, ve\u0107 su zna\u010dajno unapredili na\u0161u sposobnost pra\u0107enja i upravljanja objektima. Toplo preporu\u010dujem svima koji tra\u017ee pouzdanog partnera za razvoj Milestone dodataka.<br><\/p>\n\n\n<p>Postali su klju\u010dni partner u na\u0161em naporu da pobolj\u0161amo sigurnost u na\u0161im maloprodajnim objektima. Njihovi Milestone dodaci omogu\u0107ili su nam bolju analizu video materijala i efikasnije pra\u0107enje doga\u0111aja u na\u0161im prodavnicama. Tako\u0111e, njihova podr\u0161ka bila je izvanredna, uvek su bili tu da nam pomognu u re\u0161avanju problema ili dodavanju novih funkcionalnosti.<br><\/p>\n\n\n<p>Kao tehni\u010dki direktor u Siemens-u, imam zadovoljstvo da sara\u0111ujem na nekoliko projekata vezanih za razvoj Milestone dodataka. Njihova sposobnost da razumeju na\u0161e specifi\u010dne zahteve i pretvore ih u funkcionalne dodatke za Milestone VMS je izvanredna. Njihovi dodaci omogu\u0107ili su nam da pru\u017eimo vrhunske usluge sigurnosti na\u0161im klijentima, i s nestrpljenjem o\u010dekujem nastavak na\u0161e saradnje u budu\u0107nosti.<br><\/p>","protected":false},"excerpt":{"rendered":"","protected":false},"author":1,"featured_media":0,"parent":0,"menu_order":0,"comment_status":"closed","ping_status":"closed","template":"","meta":{"footnotes":""},"class_list":["post-46","page","type-page","status-publish","hentry"],"yoast_head":"<!-- This site is optimized with the Yoast SEO plugin v22.5 - https:\/\/yoast.com\/wordpress\/plugins\/seo\/ -->\n<title>Milestone - Margorp IT<\/title>\n<meta name=\"robots\" content=\"index, follow, max-snippet:-1, max-image-preview:large, max-video-preview:-1\" \/>\n<link rel=\"canonical\" href=\"https:\/\/margorpit.com\/sr\/milestone\/\" \/>\n<meta property=\"og:locale\" content=\"sr_RS\" \/>\n<meta property=\"og:type\" content=\"article\" \/>\n<meta property=\"og:title\" content=\"Milestone - Margorp IT\" \/>\n<meta property=\"og:url\" content=\"https:\/\/margorpit.com\/sr\/milestone\/\" \/>\n<meta property=\"og:site_name\" content=\"Margorp IT\" \/>\n<meta property=\"article:publisher\" content=\"https:\/\/www.facebook.com\/profile.php?id=61558380159938\" \/>\n<meta property=\"article:modified_time\" content=\"2023-09-23T00:42:49+00:00\" \/>\n<meta name=\"twitter:card\" content=\"summary_large_image\" \/>\n<meta name=\"twitter:site\" content=\"@zewsns\" \/>\n<meta name=\"twitter:label1\" content=\"\u041f\u0440\u043e\u0446\u0435\u045a\u0435\u043d\u043e \u0432\u0440\u0435\u043c\u0435 \u0447\u0438\u0442\u0430\u045a\u0430\" \/>\n\t<meta name=\"twitter:data1\" content=\"4 \u043c\u0438\u043d\u0443\u0442\u0430\" \/>\n<script type=\"application\/ld+json\" class=\"yoast-schema-graph\">{\"@context\":\"https:\/\/schema.org\",\"@graph\":[{\"@type\":\"WebPage\",\"@id\":\"http:\/\/margorpit.com\/en\/milestone\/\",\"url\":\"http:\/\/margorpit.com\/en\/milestone\/\",\"name\":\"Milestone - Margorp IT\",\"isPartOf\":{\"@id\":\"http:\/\/margorpit.com\/en\/#website\"},\"datePublished\":\"2023-07-03T20:57:30+00:00\",\"dateModified\":\"2023-09-23T00:42:49+00:00\",\"breadcrumb\":{\"@id\":\"http:\/\/margorpit.com\/en\/milestone\/#breadcrumb\"},\"inLanguage\":\"sr-RS\",\"potentialAction\":[{\"@type\":\"ReadAction\",\"target\":[\"http:\/\/margorpit.com\/en\/milestone\/\"]}]},{\"@type\":\"BreadcrumbList\",\"@id\":\"http:\/\/margorpit.com\/en\/milestone\/#breadcrumb\",\"itemListElement\":[{\"@type\":\"ListItem\",\"position\":1,\"name\":\"Home\",\"item\":\"http:\/\/margorpit.com\/en\/\"},{\"@type\":\"ListItem\",\"position\":2,\"name\":\"Milestone\"}]},{\"@type\":\"WebSite\",\"@id\":\"http:\/\/margorpit.com\/en\/#website\",\"url\":\"http:\/\/margorpit.com\/en\/\",\"name\":\"Margorp IT\",\"description\":\"We provide prograM solutions in the IT industry\",\"publisher\":{\"@id\":\"http:\/\/margorpit.com\/en\/#organization\"},\"potentialAction\":[{\"@type\":\"SearchAction\",\"target\":{\"@type\":\"EntryPoint\",\"urlTemplate\":\"http:\/\/margorpit.com\/en\/?s={search_term_string}\"},\"query-input\":\"required name=search_term_string\"}],\"inLanguage\":\"sr-RS\"},{\"@type\":\"Organization\",\"@id\":\"http:\/\/margorpit.com\/en\/#organization\",\"name\":\"Margorp IT\",\"url\":\"http:\/\/margorpit.com\/en\/\",\"logo\":{\"@type\":\"ImageObject\",\"inLanguage\":\"sr-RS\",\"@id\":\"http:\/\/margorpit.com\/en\/#\/schema\/logo\/image\/\",\"url\":\"https:\/\/margorpit.com\/wp-content\/uploads\/2024\/04\/laggumed-logo-lgm-1080.png\",\"contentUrl\":\"https:\/\/margorpit.com\/wp-content\/uploads\/2024\/04\/laggumed-logo-lgm-1080.png\",\"width\":1080,\"height\":1080,\"caption\":\"Margorp IT\"},\"image\":{\"@id\":\"http:\/\/margorpit.com\/en\/#\/schema\/logo\/image\/\"},\"sameAs\":[\"https:\/\/www.facebook.com\/profile.php?id=61558380159938\",\"https:\/\/x.com\/zewsns\",\"https:\/\/www.instagram.com\/laggumedsystem\/\",\"https:\/\/www.linkedin.com\/company\/laggumedsolution\"]}]}<\/script>\n<!-- \/ Yoast SEO plugin. -->","yoast_head_json":{"title":"Milestone - Margorp IT","robots":{"index":"index","follow":"follow","max-snippet":"max-snippet:-1","max-image-preview":"max-image-preview:large","max-video-preview":"max-video-preview:-1"},"canonical":"https:\/\/margorpit.com\/sr\/milestone\/","og_locale":"sr_RS","og_type":"article","og_title":"Milestone - Margorp IT","og_url":"https:\/\/margorpit.com\/sr\/milestone\/","og_site_name":"Margorp IT","article_publisher":"https:\/\/www.facebook.com\/profile.php?id=61558380159938","article_modified_time":"2023-09-23T00:42:49+00:00","twitter_card":"summary_large_image","twitter_site":"@zewsns","twitter_misc":{"\u041f\u0440\u043e\u0446\u0435\u045a\u0435\u043d\u043e \u0432\u0440\u0435\u043c\u0435 \u0447\u0438\u0442\u0430\u045a\u0430":"4 \u043c\u0438\u043d\u0443\u0442\u0430"},"schema":{"@context":"https:\/\/schema.org","@graph":[{"@type":"WebPage","@id":"http:\/\/margorpit.com\/en\/milestone\/","url":"http:\/\/margorpit.com\/en\/milestone\/","name":"Milestone - Margorp IT","isPartOf":{"@id":"http:\/\/margorpit.com\/en\/#website"},"datePublished":"2023-07-03T20:57:30+00:00","dateModified":"2023-09-23T00:42:49+00:00","breadcrumb":{"@id":"http:\/\/margorpit.com\/en\/milestone\/#breadcrumb"},"inLanguage":"sr-RS","potentialAction":[{"@type":"ReadAction","target":["http:\/\/margorpit.com\/en\/milestone\/"]}]},{"@type":"BreadcrumbList","@id":"http:\/\/margorpit.com\/en\/milestone\/#breadcrumb","itemListElement":[{"@type":"ListItem","position":1,"name":"Home","item":"http:\/\/margorpit.com\/en\/"},{"@type":"ListItem","position":2,"name":"Milestone"}]},{"@type":"WebSite","@id":"http:\/\/margorpit.com\/en\/#website","url":"http:\/\/margorpit.com\/en\/","name":"Margorp IT","description":"We provide prograM solutions in the IT industry","publisher":{"@id":"http:\/\/margorpit.com\/en\/#organization"},"potentialAction":[{"@type":"SearchAction","target":{"@type":"EntryPoint","urlTemplate":"http:\/\/margorpit.com\/en\/?s={search_term_string}"},"query-input":"required name=search_term_string"}],"inLanguage":"sr-RS"},{"@type":"Organization","@id":"http:\/\/margorpit.com\/en\/#organization","name":"Margorp IT","url":"http:\/\/margorpit.com\/en\/","logo":{"@type":"ImageObject","inLanguage":"sr-RS","@id":"http:\/\/margorpit.com\/en\/#\/schema\/logo\/image\/","url":"https:\/\/margorpit.com\/wp-content\/uploads\/2024\/04\/laggumed-logo-lgm-1080.png","contentUrl":"https:\/\/margorpit.com\/wp-content\/uploads\/2024\/04\/laggumed-logo-lgm-1080.png","width":1080,"height":1080,"caption":"Margorp IT"},"image":{"@id":"http:\/\/margorpit.com\/en\/#\/schema\/logo\/image\/"},"sameAs":["https:\/\/www.facebook.com\/profile.php?id=61558380159938","https:\/\/x.com\/zewsns","https:\/\/www.instagram.com\/laggumedsystem\/","https:\/\/www.linkedin.com\/company\/laggumedsolution"]}]}},"_links":{"self":[{"href":"https:\/\/margorpit.com\/sr\/wp-json\/wp\/v2\/pages\/46","targetHints":{"allow":["GET"]}}],"collection":[{"href":"https:\/\/margorpit.com\/sr\/wp-json\/wp\/v2\/pages"}],"about":[{"href":"https:\/\/margorpit.com\/sr\/wp-json\/wp\/v2\/types\/page"}],"author":[{"embeddable":true,"href":"https:\/\/margorpit.com\/sr\/wp-json\/wp\/v2\/users\/1"}],"replies":[{"embeddable":true,"href":"https:\/\/margorpit.com\/sr\/wp-json\/wp\/v2\/comments?post=46"}],"version-history":[{"count":5,"href":"https:\/\/margorpit.com\/sr\/wp-json\/wp\/v2\/pages\/46\/revisions"}],"predecessor-version":[{"id":148,"href":"https:\/\/margorpit.com\/sr\/wp-json\/wp\/v2\/pages\/46\/revisions\/148"}],"wp:attachment":[{"href":"https:\/\/margorpit.com\/sr\/wp-json\/wp\/v2\/media?parent=46"}],"curies":[{"name":"wp","href":"https:\/\/api.w.org\/{rel}","templated":true}]}}